{"id":1865,"date":"2025-07-07T22:08:21","date_gmt":"2025-07-07T22:08:21","guid":{"rendered":"https:\/\/justera.nl\/rupela-desturdayine\/"},"modified":"2025-07-23T19:08:38","modified_gmt":"2025-07-23T19:08:38","slug":"rupela-desturdayine","status":"publish","type":"page","link":"https:\/\/justera.nl\/ku\/rupela-desturdayine\/","title":{"rendered":"R\u00fbpela dest\u00fbrday\u00een\u00ea"},"content":{"rendered":"\t\t<div data-elementor-type=\"wp-page\" data-elementor-id=\"1865\" class=\"elementor elementor-1865 elementor-780\" data-elementor-post-type=\"page\">\n\t\t\t\t\t\t<section class=\"elementor-section elementor-top-section elementor-element elementor-element-750a5b79 ct-section-stretched elementor-section-boxed elementor-section-height-default elementor-section-height-default\" data-id=\"750a5b79\" data-element_type=\"section\" data-settings=\"{&quot;background_background&quot;:&quot;classic&quot;}\">\n\t\t\t\t\t\t<div class=\"elementor-container elementor-column-gap-no\">\n\t\t\t\t\t<div class=\"elementor-column elementor-col-100 elementor-top-column elementor-element elementor-element-21d0fcd6\" data-id=\"21d0fcd6\" data-element_type=\"column\">\n\t\t\t<div class=\"elementor-widget-wrap elementor-element-populated\">\n\t\t\t\t\t\t<div class=\"elementor-element elementor-element-5e8064a7 elementor-widget elementor-widget-heading\" data-id=\"5e8064a7\" data-element_type=\"widget\" data-widget_type=\"heading.default\">\n\t\t\t\t<div class=\"elementor-widget-container\">\n\t\t\t\t\t<h1 class=\"elementor-heading-title elementor-size-default\">Erc<\/h1>\t\t\t\t<\/div>\n\t\t\t\t<\/div>\n\t\t\t\t<div class=\"elementor-element elementor-element-6fc5020 elementor-widget elementor-widget-html\" data-id=\"6fc5020\" data-element_type=\"widget\" data-widget_type=\"html.default\">\n\t\t\t\t<div class=\"elementor-widget-container\">\n\t\t\t\t\t<iframe id=\"justise-machtiging\" src=\"https:\/\/machtiging.justise.nl?t=particulier&amp;ss=letsel\" title=\"Dest\u00fbra dadwer\u00eekirin\u00ea\" style=\"min-height:325px;\"><\/iframe>\n<script>\n    function getQueryParam(e){return new URLSearchParams(window.location.search).get(e)}const herValue=getQueryParam(\"ref\");if(herValue){const c=document.getElementById(\"justise-machtiging\");c&&(c.src=\"https:\/\/machtiging.justise.nl?t=particulier&ss=letsel&o=\"+encodeURIComponent(herValue))}\n<\/script>\n<script src=\"https:\/\/cdn.jsdelivr.net\/npm\/@iframe-resizer\/parent\"><\/script>\n<script>iframeResize({ license: \"1jy4dww5qzv-s54r73oxcn-v59f4kfgfz\" }, \"#justise-machtiging\");<\/script>\t\t\t\t<\/div>\n\t\t\t\t<\/div>\n\t\t\t\t\t<\/div>\n\t\t<\/div>\n\t\t\t\t\t<\/div>\n\t\t<\/section>\n\t\t\t\t<\/div>\n\t\t","protected":false},"excerpt":{"rendered":"<p>Erc<\/p>\n","protected":false},"author":1,"featured_media":0,"parent":0,"menu_order":0,"comment_status":"closed","ping_status":"closed","template":"elementor_header_footer","meta":{"footnotes":""},"class_list":["post-1865","page","type-page","status-publish","hentry"],"blocksy_meta":[],"yoast_head":"<!-- This site is optimized with the Yoast SEO plugin v26.3 - https:\/\/yoast.com\/wordpress\/plugins\/seo\/ -->\n<title>R\u00fbpela dest\u00fbrday\u00een\u00ea - Justera<\/title>\n<meta name=\"robots\" content=\"noindex, follow\" \/>\n<meta property=\"og:locale\" content=\"en_US\" \/>\n<meta property=\"og:type\" content=\"article\" \/>\n<meta property=\"og:title\" content=\"R\u00fbpela dest\u00fbrday\u00een\u00ea - Justera\" \/>\n<meta property=\"og:description\" content=\"Erc\" \/>\n<meta property=\"og:url\" content=\"https:\/\/justera.nl\/ku\/rupela-desturdayine\/\" \/>\n<meta property=\"og:site_name\" content=\"Justera\" \/>\n<meta property=\"article:modified_time\" content=\"2025-07-23T19:08:38+00:00\" \/>\n<meta name=\"twitter:card\" content=\"summary_large_image\" \/>\n<script type=\"application\/ld+json\" class=\"yoast-schema-graph\">{\"@context\":\"https:\/\/schema.org\",\"@graph\":[{\"@type\":\"WebPage\",\"@id\":\"https:\/\/justera.nl\/ku\/rupela-desturdayine\/\",\"url\":\"https:\/\/justera.nl\/ku\/rupela-desturdayine\/\",\"name\":\"R\u00fbpela dest\u00fbrday\u00een\u00ea - Justera\",\"isPartOf\":{\"@id\":\"https:\/\/justera.nl\/ku\/#website\"},\"datePublished\":\"2025-07-07T22:08:21+00:00\",\"dateModified\":\"2025-07-23T19:08:38+00:00\",\"breadcrumb\":{\"@id\":\"https:\/\/justera.nl\/ku\/rupela-desturdayine\/#breadcrumb\"},\"inLanguage\":\"ckb\",\"potentialAction\":[{\"@type\":\"ReadAction\",\"target\":[\"https:\/\/justera.nl\/ku\/rupela-desturdayine\/\"]}]},{\"@type\":\"BreadcrumbList\",\"@id\":\"https:\/\/justera.nl\/ku\/rupela-desturdayine\/#breadcrumb\",\"itemListElement\":[{\"@type\":\"ListItem\",\"position\":1,\"name\":\"Home\",\"item\":\"https:\/\/justera.nl\/ku\/\"},{\"@type\":\"ListItem\",\"position\":2,\"name\":\"R\u00fbpela dest\u00fbrday\u00een\u00ea\"}]},{\"@type\":\"WebSite\",\"@id\":\"https:\/\/justera.nl\/ku\/#website\",\"url\":\"https:\/\/justera.nl\/ku\/\",\"name\":\"Justera\",\"description\":\"Juridische ondersteuning bij Letselschade\",\"publisher\":{\"@id\":\"https:\/\/justera.nl\/ku\/#organization\"},\"potentialAction\":[{\"@type\":\"SearchAction\",\"target\":{\"@type\":\"EntryPoint\",\"urlTemplate\":\"https:\/\/justera.nl\/ku\/?s={search_term_string}\"},\"query-input\":{\"@type\":\"PropertyValueSpecification\",\"valueRequired\":true,\"valueName\":\"search_term_string\"}}],\"inLanguage\":\"ckb\"},{\"@type\":\"Organization\",\"@id\":\"https:\/\/justera.nl\/ku\/#organization\",\"name\":\"Justera\",\"url\":\"https:\/\/justera.nl\/ku\/\",\"logo\":{\"@type\":\"ImageObject\",\"inLanguage\":\"ckb\",\"@id\":\"https:\/\/justera.nl\/ku\/#\/schema\/logo\/image\/\",\"url\":\"https:\/\/justera.nl\/wp-content\/uploads\/2025\/05\/Justera-scaled.png\",\"contentUrl\":\"https:\/\/justera.nl\/wp-content\/uploads\/2025\/05\/Justera-scaled.png\",\"width\":2560,\"height\":966,\"caption\":\"Justera\"},\"image\":{\"@id\":\"https:\/\/justera.nl\/ku\/#\/schema\/logo\/image\/\"}}]}<\/script>\n<!-- \/ Yoast SEO plugin. -->","yoast_head_json":{"title":"R\u00fbpela dest\u00fbrday\u00een\u00ea - Justera","robots":{"index":"noindex","follow":"follow"},"og_locale":"en_US","og_type":"article","og_title":"R\u00fbpela dest\u00fbrday\u00een\u00ea - Justera","og_description":"Erc","og_url":"https:\/\/justera.nl\/ku\/rupela-desturdayine\/","og_site_name":"Justera","article_modified_time":"2025-07-23T19:08:38+00:00","twitter_card":"summary_large_image","schema":{"@context":"https:\/\/schema.org","@graph":[{"@type":"WebPage","@id":"https:\/\/justera.nl\/ku\/rupela-desturdayine\/","url":"https:\/\/justera.nl\/ku\/rupela-desturdayine\/","name":"R\u00fbpela dest\u00fbrday\u00een\u00ea - Justera","isPartOf":{"@id":"https:\/\/justera.nl\/ku\/#website"},"datePublished":"2025-07-07T22:08:21+00:00","dateModified":"2025-07-23T19:08:38+00:00","breadcrumb":{"@id":"https:\/\/justera.nl\/ku\/rupela-desturdayine\/#breadcrumb"},"inLanguage":"ckb","potentialAction":[{"@type":"ReadAction","target":["https:\/\/justera.nl\/ku\/rupela-desturdayine\/"]}]},{"@type":"BreadcrumbList","@id":"https:\/\/justera.nl\/ku\/rupela-desturdayine\/#breadcrumb","itemListElement":[{"@type":"ListItem","position":1,"name":"Home","item":"https:\/\/justera.nl\/ku\/"},{"@type":"ListItem","position":2,"name":"R\u00fbpela dest\u00fbrday\u00een\u00ea"}]},{"@type":"WebSite","@id":"https:\/\/justera.nl\/ku\/#website","url":"https:\/\/justera.nl\/ku\/","name":"Justera","description":"Juridische ondersteuning bij Letselschade","publisher":{"@id":"https:\/\/justera.nl\/ku\/#organization"},"potentialAction":[{"@type":"SearchAction","target":{"@type":"EntryPoint","urlTemplate":"https:\/\/justera.nl\/ku\/?s={search_term_string}"},"query-input":{"@type":"PropertyValueSpecification","valueRequired":true,"valueName":"search_term_string"}}],"inLanguage":"ckb"},{"@type":"Organization","@id":"https:\/\/justera.nl\/ku\/#organization","name":"Justera","url":"https:\/\/justera.nl\/ku\/","logo":{"@type":"ImageObject","inLanguage":"ckb","@id":"https:\/\/justera.nl\/ku\/#\/schema\/logo\/image\/","url":"https:\/\/justera.nl\/wp-content\/uploads\/2025\/05\/Justera-scaled.png","contentUrl":"https:\/\/justera.nl\/wp-content\/uploads\/2025\/05\/Justera-scaled.png","width":2560,"height":966,"caption":"Justera"},"image":{"@id":"https:\/\/justera.nl\/ku\/#\/schema\/logo\/image\/"}}]}},"_links":{"self":[{"href":"https:\/\/justera.nl\/ku\/wp-json\/wp\/v2\/pages\/1865","targetHints":{"allow":["GET"]}}],"collection":[{"href":"https:\/\/justera.nl\/ku\/wp-json\/wp\/v2\/pages"}],"about":[{"href":"https:\/\/justera.nl\/ku\/wp-json\/wp\/v2\/types\/page"}],"author":[{"embeddable":true,"href":"https:\/\/justera.nl\/ku\/wp-json\/wp\/v2\/users\/1"}],"replies":[{"embeddable":true,"href":"https:\/\/justera.nl\/ku\/wp-json\/wp\/v2\/comments?post=1865"}],"version-history":[{"count":1,"href":"https:\/\/justera.nl\/ku\/wp-json\/wp\/v2\/pages\/1865\/revisions"}],"predecessor-version":[{"id":1867,"href":"https:\/\/justera.nl\/ku\/wp-json\/wp\/v2\/pages\/1865\/revisions\/1867"}],"wp:attachment":[{"href":"https:\/\/justera.nl\/ku\/wp-json\/wp\/v2\/media?parent=1865"}],"curies":[{"name":"wp","href":"https:\/\/api.w.org\/{rel}","templated":true}]}}