{"id":1905,"date":"2025-06-16T08:51:52","date_gmt":"2025-06-16T08:51:52","guid":{"rendered":"https:\/\/justera.nl\/tekeli\/"},"modified":"2025-07-23T19:14:04","modified_gmt":"2025-07-23T19:14:04","slug":"tekeli","status":"publish","type":"page","link":"https:\/\/justera.nl\/ku\/tekeli\/","title":{"rendered":"T\u00eakel\u00ee"},"content":{"rendered":"\t\t<div data-elementor-type=\"wp-page\" data-elementor-id=\"1905\" class=\"elementor elementor-1905 elementor-158\" data-elementor-post-type=\"page\">\n\t\t\t\t<div class=\"elementor-element elementor-element-6d43363d e-con-full e-flex e-con e-parent\" data-id=\"6d43363d\" data-element_type=\"container\">\n\t\t<div class=\"elementor-element elementor-element-3ef38a7c e-con-full e-flex e-con e-child\" data-id=\"3ef38a7c\" data-element_type=\"container\" data-settings=\"{&quot;background_background&quot;:&quot;classic&quot;}\">\n\t\t\t\t<div class=\"elementor-element elementor-element-417ada74 elementor-widget elementor-widget-spacer\" data-id=\"417ada74\" data-element_type=\"widget\" data-widget_type=\"spacer.default\">\n\t\t\t\t<div class=\"elementor-widget-container\">\n\t\t\t\t\t\t\t<div class=\"elementor-spacer\">\n\t\t\t<div class=\"elementor-spacer-inner\"><\/div>\n\t\t<\/div>\n\t\t\t\t\t\t<\/div>\n\t\t\t\t<\/div>\n\t\t\t\t<\/div>\n\t\t<div class=\"elementor-element elementor-element-df67105 e-con-full e-flex e-con e-child\" data-id=\"df67105\" data-element_type=\"container\">\n\t\t<div class=\"elementor-element elementor-element-30686a12 e-con-full e-flex e-con e-child\" data-id=\"30686a12\" data-element_type=\"container\">\n\t\t\t\t<div class=\"elementor-element elementor-element-2bc6d1bc elementor-widget elementor-widget-image\" data-id=\"2bc6d1bc\" data-element_type=\"widget\" data-widget_type=\"image.default\">\n\t\t\t\t<div class=\"elementor-widget-container\">\n\t\t\t\t\t\t\t\t\t\t\t\t\t\t\t<img decoding=\"async\" src=\"https:\/\/justise.nl\/wp-content\/uploads\/2024\/03\/Schade-Contact.svg\" title=\"\" alt=\"\" loading=\"lazy\" \/>\t\t\t\t\t\t\t\t\t\t\t\t\t\t\t<\/div>\n\t\t\t\t<\/div>\n\t\t\t\t<\/div>\n\t\t<div class=\"elementor-element elementor-element-645825fb e-con-full e-flex e-con e-child\" data-id=\"645825fb\" data-element_type=\"container\">\n\t\t\t\t<div class=\"elementor-element elementor-element-3476f2ea elementor-widget elementor-widget-heading\" data-id=\"3476f2ea\" data-element_type=\"widget\" data-widget_type=\"heading.default\">\n\t\t\t\t<div class=\"elementor-widget-container\">\n\t\t\t\t\t<h2 class=\"elementor-heading-title elementor-size-default\">T\u00eakel\u00ee<\/h2>\t\t\t\t<\/div>\n\t\t\t\t<\/div>\n\t\t\t\t<div class=\"elementor-element elementor-element-33ffb449 elementor-widget elementor-widget-text-editor\" data-id=\"33ffb449\" data-element_type=\"widget\" data-widget_type=\"text-editor.default\">\n\t\t\t\t<div class=\"elementor-widget-container\">\n\t\t\t\t\t\t\t\t\t<p>Pirsek we heye? Ji kerema xwe bi me re t\u00eakil\u00ee daynin. <\/p>\t\t\t\t\t\t\t\t<\/div>\n\t\t\t\t<\/div>\n\t\t\t\t<div class=\"elementor-element elementor-element-7722e2b3 elementor-widget elementor-widget-spacer\" data-id=\"7722e2b3\" data-element_type=\"widget\" data-widget_type=\"spacer.default\">\n\t\t\t\t<div class=\"elementor-widget-container\">\n\t\t\t\t\t\t\t<div class=\"elementor-spacer\">\n\t\t\t<div class=\"elementor-spacer-inner\"><\/div>\n\t\t<\/div>\n\t\t\t\t\t\t<\/div>\n\t\t\t\t<\/div>\n\t\t\t\t<div class=\"elementor-element elementor-element-49f8c5bb elementor-button-align-start elementor-widget elementor-widget-form\" data-id=\"49f8c5bb\" data-element_type=\"widget\" data-settings=\"{&quot;button_width&quot;:&quot;30&quot;,&quot;step_next_label&quot;:&quot;Pi\\u015ft\\u00ee&quot;,&quot;step_previous_label&quot;:&quot;P\\u00ea\\u015f\\u00ee&quot;,&quot;step_type&quot;:&quot;number_text&quot;,&quot;step_icon_shape&quot;:&quot;circle&quot;}\" data-widget_type=\"form.default\">\n\t\t\t\t<div class=\"elementor-widget-container\">\n\t\t\t\t\t\t\t<form class=\"elementor-form\" method=\"post\" name=\"Forma t\u00eakiliy\u00ea\" aria-label=\"Forma t\u00eakiliy\u00ea\">\n\t\t\t<input type=\"hidden\" name=\"post_id\" value=\"1905\"\/>\n\t\t\t<input type=\"hidden\" name=\"form_id\" value=\"49f8c5bb\"\/>\n\t\t\t<input type=\"hidden\" name=\"referer_title\" value=\"T\u00eakel\u00ee - Justera\" \/>\n\n\t\t\t\t\t\t\t<input type=\"hidden\" name=\"queried_id\" value=\"1905\"\/>\n\t\t\t\n\t\t\t<div class=\"elementor-form-fields-wrapper elementor-labels-above\">\n\t\t\t\t\t\t\t\t<div class=\"elementor-field-type-text elementor-field-group elementor-column elementor-field-group-name elementor-col-100\">\n\t\t\t\t\t\t\t\t\t\t\t\t\t<input size=\"1\" type=\"text\" name=\"form_fields[name]\" id=\"form-field-name\" class=\"elementor-field elementor-size-sm  elementor-field-textual\" placeholder=\"Nav\">\n\t\t\t\t\t\t\t\t\t\t\t<\/div>\n\t\t\t\t\t\t\t\t<div class=\"elementor-field-type-email elementor-field-group elementor-column elementor-field-group-email elementor-col-100 elementor-field-required\">\n\t\t\t\t\t\t\t\t\t\t\t\t\t<input size=\"1\" type=\"email\" name=\"form_fields[email]\" id=\"form-field-email\" class=\"elementor-field elementor-size-sm  elementor-field-textual\" placeholder=\"Navn\u00ee\u015fana email\u00ea\" required=\"required\">\n\t\t\t\t\t\t\t\t\t\t\t<\/div>\n\t\t\t\t\t\t\t\t<div class=\"elementor-field-type-textarea elementor-field-group elementor-column elementor-field-group-message elementor-col-100 elementor-field-required\">\n\t\t\t\t\t<textarea class=\"elementor-field-textual elementor-field  elementor-size-sm\" name=\"form_fields[message]\" id=\"form-field-message\" rows=\"4\" placeholder=\"Agah\" required=\"required\"><\/textarea>\t\t\t\t<\/div>\n\t\t\t\t\t\t\t\t<div class=\"elementor-field-group elementor-column elementor-field-type-submit elementor-col-30 e-form__buttons\">\n\t\t\t\t\t<button class=\"elementor-button elementor-size-sm\" type=\"submit\">\n\t\t\t\t\t\t<span class=\"elementor-button-content-wrapper\">\n\t\t\t\t\t\t\t\t\t\t\t\t\t\t\t\t\t\t\t\t\t\t<span class=\"elementor-button-text\">\u015eandin<\/span>\n\t\t\t\t\t\t\t\t\t\t\t\t\t<\/span>\n\t\t\t\t\t<\/button>\n\t\t\t\t<\/div>\n\t\t\t<\/div>\n\t\t<\/form>\n\t\t\t\t\t\t<\/div>\n\t\t\t\t<\/div>\n\t\t\t\t<\/div>\n\t\t\t\t<\/div>\n\t\t\t\t<\/div>\n\t\t\t\t<\/div>\n\t\t","protected":false},"excerpt":{"rendered":"<p>T\u00eakel\u00ee Pirsek we heye? Ji kerema xwe bi me re t\u00eakil\u00ee daynin.<\/p>\n","protected":false},"author":2,"featured_media":0,"parent":0,"menu_order":0,"comment_status":"closed","ping_status":"closed","template":"elementor_header_footer","meta":{"footnotes":""},"class_list":["post-1905","page","type-page","status-publish","hentry"],"blocksy_meta":[],"yoast_head":"<!-- This site is optimized with the Yoast SEO plugin v26.3 - https:\/\/yoast.com\/wordpress\/plugins\/seo\/ -->\n<title>T\u00eakel\u00ee - Justera<\/title>\n<meta name=\"robots\" content=\"index, follow, max-snippet:-1, max-image-preview:large, max-video-preview:-1\" \/>\n<link rel=\"canonical\" href=\"https:\/\/justera.nl\/ku\/tekeli\/\" \/>\n<meta property=\"og:locale\" content=\"en_US\" \/>\n<meta property=\"og:type\" content=\"article\" \/>\n<meta property=\"og:title\" content=\"T\u00eakel\u00ee - Justera\" \/>\n<meta property=\"og:description\" content=\"T\u00eakel\u00ee Pirsek we heye? Ji kerema xwe bi me re t\u00eakil\u00ee daynin.\" \/>\n<meta property=\"og:url\" content=\"https:\/\/justera.nl\/ku\/tekeli\/\" \/>\n<meta property=\"og:site_name\" content=\"Justera\" \/>\n<meta property=\"article:modified_time\" content=\"2025-07-23T19:14:04+00:00\" \/>\n<meta property=\"og:image\" content=\"https:\/\/justise.nl\/wp-content\/uploads\/2024\/03\/Schade-Contact.svg\" \/>\n<meta name=\"twitter:card\" content=\"summary_large_image\" \/>\n<script type=\"application\/ld+json\" class=\"yoast-schema-graph\">{\"@context\":\"https:\/\/schema.org\",\"@graph\":[{\"@type\":\"WebPage\",\"@id\":\"https:\/\/justera.nl\/ku\/tekeli\/\",\"url\":\"https:\/\/justera.nl\/ku\/tekeli\/\",\"name\":\"T\u00eakel\u00ee - Justera\",\"isPartOf\":{\"@id\":\"https:\/\/justera.nl\/ku\/#website\"},\"primaryImageOfPage\":{\"@id\":\"https:\/\/justera.nl\/ku\/tekeli\/#primaryimage\"},\"image\":{\"@id\":\"https:\/\/justera.nl\/ku\/tekeli\/#primaryimage\"},\"thumbnailUrl\":\"https:\/\/justise.nl\/wp-content\/uploads\/2024\/03\/Schade-Contact.svg\",\"datePublished\":\"2025-06-16T08:51:52+00:00\",\"dateModified\":\"2025-07-23T19:14:04+00:00\",\"breadcrumb\":{\"@id\":\"https:\/\/justera.nl\/ku\/tekeli\/#breadcrumb\"},\"inLanguage\":\"ckb\",\"potentialAction\":[{\"@type\":\"ReadAction\",\"target\":[\"https:\/\/justera.nl\/ku\/tekeli\/\"]}]},{\"@type\":\"ImageObject\",\"inLanguage\":\"ckb\",\"@id\":\"https:\/\/justera.nl\/ku\/tekeli\/#primaryimage\",\"url\":\"https:\/\/justise.nl\/wp-content\/uploads\/2024\/03\/Schade-Contact.svg\",\"contentUrl\":\"https:\/\/justise.nl\/wp-content\/uploads\/2024\/03\/Schade-Contact.svg\"},{\"@type\":\"BreadcrumbList\",\"@id\":\"https:\/\/justera.nl\/ku\/tekeli\/#breadcrumb\",\"itemListElement\":[{\"@type\":\"ListItem\",\"position\":1,\"name\":\"Home\",\"item\":\"https:\/\/justera.nl\/ku\/\"},{\"@type\":\"ListItem\",\"position\":2,\"name\":\"T\u00eakel\u00ee\"}]},{\"@type\":\"WebSite\",\"@id\":\"https:\/\/justera.nl\/ku\/#website\",\"url\":\"https:\/\/justera.nl\/ku\/\",\"name\":\"Justera\",\"description\":\"Juridische ondersteuning bij Letselschade\",\"publisher\":{\"@id\":\"https:\/\/justera.nl\/ku\/#organization\"},\"potentialAction\":[{\"@type\":\"SearchAction\",\"target\":{\"@type\":\"EntryPoint\",\"urlTemplate\":\"https:\/\/justera.nl\/ku\/?s={search_term_string}\"},\"query-input\":{\"@type\":\"PropertyValueSpecification\",\"valueRequired\":true,\"valueName\":\"search_term_string\"}}],\"inLanguage\":\"ckb\"},{\"@type\":\"Organization\",\"@id\":\"https:\/\/justera.nl\/ku\/#organization\",\"name\":\"Justera\",\"url\":\"https:\/\/justera.nl\/ku\/\",\"logo\":{\"@type\":\"ImageObject\",\"inLanguage\":\"ckb\",\"@id\":\"https:\/\/justera.nl\/ku\/#\/schema\/logo\/image\/\",\"url\":\"https:\/\/justera.nl\/wp-content\/uploads\/2025\/05\/Justera-scaled.png\",\"contentUrl\":\"https:\/\/justera.nl\/wp-content\/uploads\/2025\/05\/Justera-scaled.png\",\"width\":2560,\"height\":966,\"caption\":\"Justera\"},\"image\":{\"@id\":\"https:\/\/justera.nl\/ku\/#\/schema\/logo\/image\/\"}}]}<\/script>\n<!-- \/ Yoast SEO plugin. -->","yoast_head_json":{"title":"T\u00eakel\u00ee - Justera","robots":{"index":"index","follow":"follow","max-snippet":"max-snippet:-1","max-image-preview":"max-image-preview:large","max-video-preview":"max-video-preview:-1"},"canonical":"https:\/\/justera.nl\/ku\/tekeli\/","og_locale":"en_US","og_type":"article","og_title":"T\u00eakel\u00ee - Justera","og_description":"T\u00eakel\u00ee Pirsek we heye? Ji kerema xwe bi me re t\u00eakil\u00ee daynin.","og_url":"https:\/\/justera.nl\/ku\/tekeli\/","og_site_name":"Justera","article_modified_time":"2025-07-23T19:14:04+00:00","og_image":[{"url":"https:\/\/justise.nl\/wp-content\/uploads\/2024\/03\/Schade-Contact.svg","type":"","width":"","height":""}],"twitter_card":"summary_large_image","schema":{"@context":"https:\/\/schema.org","@graph":[{"@type":"WebPage","@id":"https:\/\/justera.nl\/ku\/tekeli\/","url":"https:\/\/justera.nl\/ku\/tekeli\/","name":"T\u00eakel\u00ee - Justera","isPartOf":{"@id":"https:\/\/justera.nl\/ku\/#website"},"primaryImageOfPage":{"@id":"https:\/\/justera.nl\/ku\/tekeli\/#primaryimage"},"image":{"@id":"https:\/\/justera.nl\/ku\/tekeli\/#primaryimage"},"thumbnailUrl":"https:\/\/justise.nl\/wp-content\/uploads\/2024\/03\/Schade-Contact.svg","datePublished":"2025-06-16T08:51:52+00:00","dateModified":"2025-07-23T19:14:04+00:00","breadcrumb":{"@id":"https:\/\/justera.nl\/ku\/tekeli\/#breadcrumb"},"inLanguage":"ckb","potentialAction":[{"@type":"ReadAction","target":["https:\/\/justera.nl\/ku\/tekeli\/"]}]},{"@type":"ImageObject","inLanguage":"ckb","@id":"https:\/\/justera.nl\/ku\/tekeli\/#primaryimage","url":"https:\/\/justise.nl\/wp-content\/uploads\/2024\/03\/Schade-Contact.svg","contentUrl":"https:\/\/justise.nl\/wp-content\/uploads\/2024\/03\/Schade-Contact.svg"},{"@type":"BreadcrumbList","@id":"https:\/\/justera.nl\/ku\/tekeli\/#breadcrumb","itemListElement":[{"@type":"ListItem","position":1,"name":"Home","item":"https:\/\/justera.nl\/ku\/"},{"@type":"ListItem","position":2,"name":"T\u00eakel\u00ee"}]},{"@type":"WebSite","@id":"https:\/\/justera.nl\/ku\/#website","url":"https:\/\/justera.nl\/ku\/","name":"Justera","description":"Juridische ondersteuning bij Letselschade","publisher":{"@id":"https:\/\/justera.nl\/ku\/#organization"},"potentialAction":[{"@type":"SearchAction","target":{"@type":"EntryPoint","urlTemplate":"https:\/\/justera.nl\/ku\/?s={search_term_string}"},"query-input":{"@type":"PropertyValueSpecification","valueRequired":true,"valueName":"search_term_string"}}],"inLanguage":"ckb"},{"@type":"Organization","@id":"https:\/\/justera.nl\/ku\/#organization","name":"Justera","url":"https:\/\/justera.nl\/ku\/","logo":{"@type":"ImageObject","inLanguage":"ckb","@id":"https:\/\/justera.nl\/ku\/#\/schema\/logo\/image\/","url":"https:\/\/justera.nl\/wp-content\/uploads\/2025\/05\/Justera-scaled.png","contentUrl":"https:\/\/justera.nl\/wp-content\/uploads\/2025\/05\/Justera-scaled.png","width":2560,"height":966,"caption":"Justera"},"image":{"@id":"https:\/\/justera.nl\/ku\/#\/schema\/logo\/image\/"}}]}},"_links":{"self":[{"href":"https:\/\/justera.nl\/ku\/wp-json\/wp\/v2\/pages\/1905","targetHints":{"allow":["GET"]}}],"collection":[{"href":"https:\/\/justera.nl\/ku\/wp-json\/wp\/v2\/pages"}],"about":[{"href":"https:\/\/justera.nl\/ku\/wp-json\/wp\/v2\/types\/page"}],"author":[{"embeddable":true,"href":"https:\/\/justera.nl\/ku\/wp-json\/wp\/v2\/users\/2"}],"replies":[{"embeddable":true,"href":"https:\/\/justera.nl\/ku\/wp-json\/wp\/v2\/comments?post=1905"}],"version-history":[{"count":1,"href":"https:\/\/justera.nl\/ku\/wp-json\/wp\/v2\/pages\/1905\/revisions"}],"predecessor-version":[{"id":1906,"href":"https:\/\/justera.nl\/ku\/wp-json\/wp\/v2\/pages\/1905\/revisions\/1906"}],"wp:attachment":[{"href":"https:\/\/justera.nl\/ku\/wp-json\/wp\/v2\/media?parent=1905"}],"curies":[{"name":"wp","href":"https:\/\/api.w.org\/{rel}","templated":true}]}}