{"id":1985,"date":"2025-05-28T08:00:15","date_gmt":"2025-05-28T08:00:15","guid":{"rendered":"https:\/\/justera.nl\/tazminat\/"},"modified":"2025-07-23T19:48:25","modified_gmt":"2025-07-23T19:48:25","slug":"tazminat","status":"publish","type":"page","link":"https:\/\/justera.nl\/tr\/tazminat\/","title":{"rendered":"Tazminat"},"content":{"rendered":"\t\t<div data-elementor-type=\"wp-page\" data-elementor-id=\"1985\" class=\"elementor elementor-1985 elementor-92\" data-elementor-post-type=\"page\">\n\t\t\t\t<div class=\"elementor-element elementor-element-3585c4dc e-flex e-con-boxed e-con e-parent\" data-id=\"3585c4dc\" data-element_type=\"container\" data-settings=\"{&quot;background_background&quot;:&quot;classic&quot;}\">\n\t\t\t\t\t<div class=\"e-con-inner\">\n\t\t<div class=\"elementor-element elementor-element-193425b1 e-con-full e-flex e-con e-child\" data-id=\"193425b1\" data-element_type=\"container\" data-settings=\"{&quot;background_background&quot;:&quot;classic&quot;}\">\n\t\t\t\t<div class=\"elementor-element elementor-element-b9e1288 elementor-widget elementor-widget-heading\" data-id=\"b9e1288\" data-element_type=\"widget\" data-widget_type=\"heading.default\">\n\t\t\t\t<div class=\"elementor-widget-container\">\n\t\t\t\t\t<h2 class=\"elementor-heading-title elementor-size-default\">Tazminat <\/h2>\t\t\t\t<\/div>\n\t\t\t\t<\/div>\n\t\t\t\t<div class=\"elementor-element elementor-element-254074cd elementor-widget elementor-widget-spacer\" data-id=\"254074cd\" data-element_type=\"widget\" data-widget_type=\"spacer.default\">\n\t\t\t\t<div class=\"elementor-widget-container\">\n\t\t\t\t\t\t\t<div class=\"elementor-spacer\">\n\t\t\t<div class=\"elementor-spacer-inner\"><\/div>\n\t\t<\/div>\n\t\t\t\t\t\t<\/div>\n\t\t\t\t<\/div>\n\t\t<div class=\"elementor-element elementor-element-10d852ab e-flex e-con-boxed e-con e-child\" data-id=\"10d852ab\" data-element_type=\"container\" data-settings=\"{&quot;background_background&quot;:&quot;classic&quot;}\">\n\t\t\t\t\t<div class=\"e-con-inner\">\n\t\t<div class=\"elementor-element elementor-element-4bd497a6 e-con-full e-flex e-con e-child\" data-id=\"4bd497a6\" data-element_type=\"container\">\n\t\t\t\t<div class=\"elementor-element elementor-element-222ebb93 elementor-widget__width-initial elementor-widget elementor-widget-image\" data-id=\"222ebb93\" data-element_type=\"widget\" data-widget_type=\"image.default\">\n\t\t\t\t<div class=\"elementor-widget-container\">\n\t\t\t\t\t\t\t\t\t\t\t\t\t\t\t<img fetchpriority=\"high\" decoding=\"async\" width=\"283\" height=\"283\" src=\"https:\/\/justera.nl\/wp-content\/uploads\/2025\/05\/Letsel-Justise.svg\" class=\"attachment-large size-large wp-image-1308\" alt=\"Een pleister.\" \/>\t\t\t\t\t\t\t\t\t\t\t\t\t\t\t<\/div>\n\t\t\t\t<\/div>\n\t\t\t\t<\/div>\n\t\t<div class=\"elementor-element elementor-element-67679966 e-flex e-con-boxed e-con e-child\" data-id=\"67679966\" data-element_type=\"container\">\n\t\t\t\t\t<div class=\"e-con-inner\">\n\t\t\t\t<div class=\"elementor-element elementor-element-5b01521 elementor-widget elementor-widget-heading\" data-id=\"5b01521\" data-element_type=\"widget\" data-widget_type=\"heading.default\">\n\t\t\t\t<div class=\"elementor-widget-container\">\n\t\t\t\t\t<h2 class=\"elementor-heading-title elementor-size-default\">Hangi tazminatlar var?<\/h2>\t\t\t\t<\/div>\n\t\t\t\t<\/div>\n\t\t\t\t<div class=\"elementor-element elementor-element-52935924 elementor-widget elementor-widget-text-editor\" data-id=\"52935924\" data-element_type=\"widget\" data-widget_type=\"text-editor.default\">\n\t\t\t\t<div class=\"elementor-widget-container\">\n\t\t\t\t\t\t\t\t\t<p data-start=\"178\" data-end=\"361\">Tazminat, birinin ba\u015fkas\u0131na verdi\u011fi zarar i\u00e7in \u00f6demesi gereken tazminatt\u0131r. \u00c7o\u011fu durumda bu tazminat bir para miktar\u0131ndan olu\u015fur. <\/p><p data-start=\"363\" data-end=\"650\">Birinin yaraland\u0131\u011f\u0131 bir kazadan sonra genellikle tazminat \u00f6denir. Bu yaralanma tazminat\u0131, ma\u011fduru hem maddi zarar (t\u0131bbi masraflar ve gelir kayb\u0131 gibi) hem de manevi zarar (ac\u0131 ve \u00fcz\u00fcnt\u00fc gibi) i\u00e7in tazmin etmeyi ama\u00e7lar. <\/p><p data-start=\"363\" data-end=\"650\">\u00d6rne\u011fin \u015funlar\u0131 d\u00fc\u015f\u00fcnebilirsiniz:<\/p><ul style=\"font-weight: 400;\"><li>T\u0131bbi tedavi masraflar\u0131;<\/li><li>(Ge\u00e7ici olarak) \u00e7al\u0131\u015famad\u0131\u011f\u0131n\u0131z i\u00e7in gelir kayb\u0131;<\/li><li>Hastane veya tedavi uzmanlar\u0131na seyahat masraflar\u0131;<\/li><li>Ev i\u015fleri yard\u0131m\u0131 masraflar\u0131;<\/li><li>Manevi tazminat: ac\u0131, \u0131st\u0131rap ve duygusal rahats\u0131zl\u0131k i\u00e7in tazminat.<\/li><\/ul>\t\t\t\t\t\t\t\t<\/div>\n\t\t\t\t<\/div>\n\t\t\t\t\t<\/div>\n\t\t\t\t<\/div>\n\t\t\t\t\t<\/div>\n\t\t\t\t<\/div>\n\t\t<div class=\"elementor-element elementor-element-7fe847af e-con-full e-flex e-con e-child\" data-id=\"7fe847af\" data-element_type=\"container\" data-settings=\"{&quot;background_background&quot;:&quot;classic&quot;}\">\n\t\t<div class=\"elementor-element elementor-element-67f131ad e-con-full e-flex e-con e-child\" data-id=\"67f131ad\" data-element_type=\"container\">\n\t\t\t\t<div class=\"elementor-element elementor-element-7ea6ab3b elementor-hidden-mobile elementor-widget elementor-widget-image\" data-id=\"7ea6ab3b\" data-element_type=\"widget\" data-widget_type=\"image.default\">\n\t\t\t\t<div class=\"elementor-widget-container\">\n\t\t\t\t\t\t\t\t\t\t\t\t\t\t\t<img decoding=\"async\" width=\"201\" height=\"176\" src=\"https:\/\/justera.nl\/wp-content\/uploads\/2025\/05\/Schade-5.svg\" class=\"attachment-full size-full wp-image-1296\" alt=\"Geld ontvangen.\" \/>\t\t\t\t\t\t\t\t\t\t\t\t\t\t\t<\/div>\n\t\t\t\t<\/div>\n\t\t\t\t<\/div>\n\t\t<div class=\"elementor-element elementor-element-4b0b6fc e-flex e-con-boxed e-con e-child\" data-id=\"4b0b6fc\" data-element_type=\"container\">\n\t\t\t\t\t<div class=\"e-con-inner\">\n\t\t\t\t<div class=\"elementor-element elementor-element-684b9670 elementor-widget elementor-widget-heading\" data-id=\"684b9670\" data-element_type=\"widget\" data-widget_type=\"heading.default\">\n\t\t\t\t<div class=\"elementor-widget-container\">\n\t\t\t\t\t<h2 class=\"elementor-heading-title elementor-size-default\">Neye hakk\u0131n\u0131z var?<\/h2>\t\t\t\t<\/div>\n\t\t\t\t<\/div>\n\t\t\t\t<div class=\"elementor-element elementor-element-dc11ee6 elementor-widget elementor-widget-text-editor\" data-id=\"dc11ee6\" data-element_type=\"widget\" data-widget_type=\"text-editor.default\">\n\t\t\t\t<div class=\"elementor-widget-container\">\n\t\t\t\t\t\t\t\t\t<p style=\"font-weight: 400;\">Bir\u00e7ok ki\u015fi tazminat hakk\u0131 oldu\u011funu bilmiyor &#8211; bu tazminat\u0131n ne kadar y\u00fcksek olabilece\u011fini hi\u00e7 bilmiyor. Justera&#8217;da durumunuzu birlikte de\u011ferlendiriyor ve i\u015fi sizin elinizden al\u0131yoruz. <\/p><p style=\"font-weight: 400;\"><strong>Ba\u015fvurudan tazminata kadar &#8211; her \u015feyi biz hallederiz.<\/strong><\/p>\t\t\t\t\t\t\t\t<\/div>\n\t\t\t\t<\/div>\n\t\t\t\t\t<\/div>\n\t\t\t\t<\/div>\n\t\t\t\t<\/div>\n\t\t<div class=\"elementor-element elementor-element-471e9764 e-con-full e-flex e-con e-child\" data-id=\"471e9764\" data-element_type=\"container\" data-settings=\"{&quot;background_background&quot;:&quot;classic&quot;}\">\n\t\t<div class=\"elementor-element elementor-element-28d08ca0 e-con-full e-flex e-con e-child\" data-id=\"28d08ca0\" data-element_type=\"container\">\n\t\t\t\t<div class=\"elementor-element elementor-element-46407f85 elementor-hidden-mobile elementor-widget__width-initial elementor-widget elementor-widget-image\" data-id=\"46407f85\" data-element_type=\"widget\" data-widget_type=\"image.default\">\n\t\t\t\t<div class=\"elementor-widget-container\">\n\t\t\t\t\t\t\t\t\t\t\t\t\t\t\t<img decoding=\"async\" width=\"155\" height=\"135\" src=\"https:\/\/justera.nl\/wp-content\/uploads\/2025\/05\/Schade-Betaling.svg\" class=\"attachment-full size-full wp-image-1312\" alt=\"Een hand met eurotekens. Ontvangt geld. Ontvangt een schadevergoeding.\" \/>\t\t\t\t\t\t\t\t\t\t\t\t\t\t\t<\/div>\n\t\t\t\t<\/div>\n\t\t\t\t<\/div>\n\t\t<div class=\"elementor-element elementor-element-4a4255e6 e-flex e-con-boxed e-con e-child\" data-id=\"4a4255e6\" data-element_type=\"container\">\n\t\t\t\t\t<div class=\"e-con-inner\">\n\t\t\t\t<div class=\"elementor-element elementor-element-6bd5d1e elementor-widget elementor-widget-heading\" data-id=\"6bd5d1e\" data-element_type=\"widget\" data-widget_type=\"heading.default\">\n\t\t\t\t<div class=\"elementor-widget-container\">\n\t\t\t\t\t<h2 class=\"elementor-heading-title elementor-size-default\">Masraf yok, endi\u015fe yok<\/h2>\t\t\t\t<\/div>\n\t\t\t\t<\/div>\n\t\t\t\t<div class=\"elementor-element elementor-element-3434c601 elementor-widget elementor-widget-text-editor\" data-id=\"3434c601\" data-element_type=\"widget\" data-widget_type=\"text-editor.default\">\n\t\t\t\t<div class=\"elementor-widget-container\">\n\t\t\t\t\t\t\t\t\t<p data-start=\"85\" data-end=\"303\">Genellikle kazaya neden olan ki\u015fi yard\u0131m\u0131m\u0131z\u0131n masraflar\u0131n\u0131 da \u00f6der. Bu da sizin i\u00e7in neredeyse her zaman \u00fccretsiz oldu\u011fu anlam\u0131na gelir. Nas\u0131l \u00e7al\u0131\u015ft\u0131\u011f\u0131m\u0131z\u0131 ve neler bekleyebilece\u011finizi \u00f6nceden a\u00e7\u0131k\u00e7a anlat\u0131r\u0131z.  <\/p>\t\t\t\t\t\t\t\t<\/div>\n\t\t\t\t<\/div>\n\t\t\t\t\t<\/div>\n\t\t\t\t<\/div>\n\t\t\t\t<\/div>\n\t\t\t\t<\/div>\n\t\t\t\t<div class=\"elementor-element elementor-element-5ffae32e elementor-widget elementor-widget-spacer\" data-id=\"5ffae32e\" data-element_type=\"widget\" data-widget_type=\"spacer.default\">\n\t\t\t\t<div class=\"elementor-widget-container\">\n\t\t\t\t\t\t\t<div class=\"elementor-spacer\">\n\t\t\t<div class=\"elementor-spacer-inner\"><\/div>\n\t\t<\/div>\n\t\t\t\t\t\t<\/div>\n\t\t\t\t<\/div>\n\t\t\t\t\t<\/div>\n\t\t\t\t<\/div>\n\t\t<div class=\"elementor-element elementor-element-71973dea e-flex e-con-boxed e-con e-parent\" data-id=\"71973dea\" data-element_type=\"container\">\n\t\t\t\t\t<div class=\"e-con-inner\">\n\t\t<div class=\"elementor-element elementor-element-4dd3928e e-con-full e-flex e-con e-child\" data-id=\"4dd3928e\" data-element_type=\"container\" data-settings=\"{&quot;background_background&quot;:&quot;classic&quot;}\">\n\t\t<div class=\"elementor-element elementor-element-42cb0c79 e-flex e-con-boxed e-con e-child\" data-id=\"42cb0c79\" data-element_type=\"container\" data-settings=\"{&quot;background_background&quot;:&quot;classic&quot;}\">\n\t\t\t\t\t<div class=\"e-con-inner\">\n\t\t\t\t<div class=\"elementor-element elementor-element-5e6065f7 elementor-widget elementor-widget-spacer\" data-id=\"5e6065f7\" data-element_type=\"widget\" data-widget_type=\"spacer.default\">\n\t\t\t\t<div class=\"elementor-widget-container\">\n\t\t\t\t\t\t\t<div class=\"elementor-spacer\">\n\t\t\t<div class=\"elementor-spacer-inner\"><\/div>\n\t\t<\/div>\n\t\t\t\t\t\t<\/div>\n\t\t\t\t<\/div>\n\t\t\t\t<div class=\"elementor-element elementor-element-634044ab elementor-widget elementor-widget-heading\" data-id=\"634044ab\" data-element_type=\"widget\" data-widget_type=\"heading.default\">\n\t\t\t\t<div class=\"elementor-widget-container\">\n\t\t\t\t\t<h2 class=\"elementor-heading-title elementor-size-default\">Nas\u0131l \u00e7al\u0131\u015f\u0131r?<\/h2>\t\t\t\t<\/div>\n\t\t\t\t<\/div>\n\t\t<div class=\"elementor-element elementor-element-6e0b7b00 e-flex e-con-boxed e-con e-child\" data-id=\"6e0b7b00\" data-element_type=\"container\">\n\t\t\t\t\t<div class=\"e-con-inner\">\n\t\t<div class=\"elementor-element elementor-element-645ac517 e-flex e-con-boxed e-con e-child\" data-id=\"645ac517\" data-element_type=\"container\">\n\t\t\t\t\t<div class=\"e-con-inner\">\n\t\t\t\t<div class=\"elementor-element elementor-element-1438bbd6 elementor-widget elementor-widget-heading\" data-id=\"1438bbd6\" data-element_type=\"widget\" data-widget_type=\"heading.default\">\n\t\t\t\t<div class=\"elementor-widget-container\">\n\t\t\t\t\t<h3 class=\"elementor-heading-title elementor-size-default\">1. \u00dccretsiz ve y\u00fck\u00fcml\u00fcl\u00fcks\u00fcz \u00f6n g\u00f6r\u00fc\u015fme (online veya yerinde)<\/h3>\t\t\t\t<\/div>\n\t\t\t\t<\/div>\n\t\t\t\t<div class=\"elementor-element elementor-element-7215a6ef elementor-widget elementor-widget-text-editor\" data-id=\"7215a6ef\" data-element_type=\"widget\" data-widget_type=\"text-editor.default\">\n\t\t\t\t<div class=\"elementor-widget-container\">\n\t\t\t\t\t\t\t\t\t<p style=\"font-weight: 400;\">Hikayenizi dinliyor ve tazminat hakk\u0131n\u0131z olup olmad\u0131\u011f\u0131n\u0131 de\u011ferlendiriyoruz. <\/p>\t\t\t\t\t\t\t\t<\/div>\n\t\t\t\t<\/div>\n\t\t\t\t<div class=\"elementor-element elementor-element-55a01d9d elementor-widget elementor-widget-heading\" data-id=\"55a01d9d\" data-element_type=\"widget\" data-widget_type=\"heading.default\">\n\t\t\t\t<div class=\"elementor-widget-container\">\n\t\t\t\t\t<h3 class=\"elementor-heading-title elementor-size-default\">2. Kar\u015f\u0131 tarafla ileti\u015fime ge\u00e7iyoruz<\/h3>\t\t\t\t<\/div>\n\t\t\t\t<\/div>\n\t\t\t\t<div class=\"elementor-element elementor-element-790faa22 elementor-widget elementor-widget-text-editor\" data-id=\"790faa22\" data-element_type=\"widget\" data-widget_type=\"text-editor.default\">\n\t\t\t\t<div class=\"elementor-widget-container\">\n\t\t\t\t\t\t\t\t\t<p style=\"font-weight: 400;\">Kar\u015f\u0131 tarafla ileti\u015fime ge\u00e7iyor ve sorumlulu\u011fun kabul edilmesini sa\u011fl\u0131yoruz.<\/p>\t\t\t\t\t\t\t\t<\/div>\n\t\t\t\t<\/div>\n\t\t\t\t<div class=\"elementor-element elementor-element-523e44d5 elementor-widget elementor-widget-heading\" data-id=\"523e44d5\" data-element_type=\"widget\" data-widget_type=\"heading.default\">\n\t\t\t\t<div class=\"elementor-widget-container\">\n\t\t\t\t\t<h3 class=\"elementor-heading-title elementor-size-default\">3. Tazminat\u0131n\u0131z\u0131 ayarl\u0131yoruz<\/h3>\t\t\t\t<\/div>\n\t\t\t\t<\/div>\n\t\t\t\t<div class=\"elementor-element elementor-element-32928ae7 elementor-widget elementor-widget-text-editor\" data-id=\"32928ae7\" data-element_type=\"widget\" data-widget_type=\"text-editor.default\">\n\t\t\t\t<div class=\"elementor-widget-container\">\n\t\t\t\t\t\t\t\t\t<p style=\"font-weight: 400;\">B\u00f6ylece kendinizi ger\u00e7ekten \u00f6nemli olan \u015feye tamamen odaklayabilirsiniz: iyile\u015fmeniz.<\/p>\t\t\t\t\t\t\t\t<\/div>\n\t\t\t\t<\/div>\n\t\t\t\t\t<\/div>\n\t\t\t\t<\/div>\n\t\t\t\t\t<\/div>\n\t\t\t\t<\/div>\n\t\t\t\t\t<\/div>\n\t\t\t\t<\/div>\n\t\t\t\t<\/div>\n\t\t\t\t\t<\/div>\n\t\t\t\t<\/div>\n\t\t\t\t<\/div>\n\t\t","protected":false},"excerpt":{"rendered":"<p>Tazminat Hangi tazminatlar var? Tazminat, birinin ba\u015fkas\u0131na verdi\u011fi zarar i\u00e7in \u00f6demesi gereken tazminatt\u0131r. \u00c7o\u011fu durumda bu tazminat bir para miktar\u0131ndan olu\u015fur. Birinin yaraland\u0131\u011f\u0131 bir kazadan sonra genellikle tazminat \u00f6denir. Bu yaralanma tazminat\u0131, ma\u011fduru hem maddi zarar (t\u0131bbi masraflar ve gelir kayb\u0131 gibi) hem de manevi zarar (ac\u0131 ve \u00fcz\u00fcnt\u00fc gibi) i\u00e7in tazmin etmeyi ama\u00e7lar. \u00d6rne\u011fin [&hellip;]<\/p>\n","protected":false},"author":1,"featured_media":0,"parent":0,"menu_order":0,"comment_status":"closed","ping_status":"closed","template":"elementor_header_footer","meta":{"footnotes":""},"class_list":["post-1985","page","type-page","status-publish","hentry"],"blocksy_meta":[],"yoast_head":"<!-- This site is optimized with the Yoast SEO plugin v26.3 - https:\/\/yoast.com\/wordpress\/plugins\/seo\/ -->\n<title>Tazminat - Justera<\/title>\n<meta name=\"robots\" content=\"index, follow, max-snippet:-1, max-image-preview:large, max-video-preview:-1\" \/>\n<link rel=\"canonical\" href=\"https:\/\/justera.nl\/tr\/tazminat\/\" \/>\n<meta property=\"og:locale\" content=\"tr_TR\" \/>\n<meta property=\"og:type\" content=\"article\" \/>\n<meta property=\"og:title\" content=\"Tazminat - Justera\" \/>\n<meta property=\"og:description\" content=\"Tazminat Hangi tazminatlar var? Tazminat, birinin ba\u015fkas\u0131na verdi\u011fi zarar i\u00e7in \u00f6demesi gereken tazminatt\u0131r. \u00c7o\u011fu durumda bu tazminat bir para miktar\u0131ndan olu\u015fur. Birinin yaraland\u0131\u011f\u0131 bir kazadan sonra genellikle tazminat \u00f6denir. Bu yaralanma tazminat\u0131, ma\u011fduru hem maddi zarar (t\u0131bbi masraflar ve gelir kayb\u0131 gibi) hem de manevi zarar (ac\u0131 ve \u00fcz\u00fcnt\u00fc gibi) i\u00e7in tazmin etmeyi ama\u00e7lar. \u00d6rne\u011fin [&hellip;]\" \/>\n<meta property=\"og:url\" content=\"https:\/\/justera.nl\/tr\/tazminat\/\" \/>\n<meta property=\"og:site_name\" content=\"Justera\" \/>\n<meta property=\"article:modified_time\" content=\"2025-07-23T19:48:25+00:00\" \/>\n<meta property=\"og:image\" content=\"https:\/\/justera.nl\/wp-content\/uploads\/2025\/05\/Letsel-Justise.svg\" \/>\n<meta name=\"twitter:card\" content=\"summary_large_image\" \/>\n<meta name=\"twitter:label1\" content=\"Tahmini okuma s\u00fcresi\" \/>\n\t<meta name=\"twitter:data1\" content=\"1 dakika\" \/>\n<script type=\"application\/ld+json\" class=\"yoast-schema-graph\">{\"@context\":\"https:\/\/schema.org\",\"@graph\":[{\"@type\":\"WebPage\",\"@id\":\"https:\/\/justera.nl\/tr\/tazminat\/\",\"url\":\"https:\/\/justera.nl\/tr\/tazminat\/\",\"name\":\"Tazminat - Justera\",\"isPartOf\":{\"@id\":\"https:\/\/justera.nl\/tr\/#website\"},\"primaryImageOfPage\":{\"@id\":\"https:\/\/justera.nl\/tr\/tazminat\/#primaryimage\"},\"image\":{\"@id\":\"https:\/\/justera.nl\/tr\/tazminat\/#primaryimage\"},\"thumbnailUrl\":\"https:\/\/justera.nl\/wp-content\/uploads\/2025\/05\/Letsel-Justise.svg\",\"datePublished\":\"2025-05-28T08:00:15+00:00\",\"dateModified\":\"2025-07-23T19:48:25+00:00\",\"breadcrumb\":{\"@id\":\"https:\/\/justera.nl\/tr\/tazminat\/#breadcrumb\"},\"inLanguage\":\"tr\",\"potentialAction\":[{\"@type\":\"ReadAction\",\"target\":[\"https:\/\/justera.nl\/tr\/tazminat\/\"]}]},{\"@type\":\"ImageObject\",\"inLanguage\":\"tr\",\"@id\":\"https:\/\/justera.nl\/tr\/tazminat\/#primaryimage\",\"url\":\"https:\/\/justera.nl\/wp-content\/uploads\/2025\/05\/Letsel-Justise.svg\",\"contentUrl\":\"https:\/\/justera.nl\/wp-content\/uploads\/2025\/05\/Letsel-Justise.svg\"},{\"@type\":\"BreadcrumbList\",\"@id\":\"https:\/\/justera.nl\/tr\/tazminat\/#breadcrumb\",\"itemListElement\":[{\"@type\":\"ListItem\",\"position\":1,\"name\":\"Home\",\"item\":\"https:\/\/justera.nl\/tr\/\"},{\"@type\":\"ListItem\",\"position\":2,\"name\":\"Tazminat\"}]},{\"@type\":\"WebSite\",\"@id\":\"https:\/\/justera.nl\/tr\/#website\",\"url\":\"https:\/\/justera.nl\/tr\/\",\"name\":\"Justera\",\"description\":\"Juridische ondersteuning bij Letselschade\",\"publisher\":{\"@id\":\"https:\/\/justera.nl\/tr\/#organization\"},\"potentialAction\":[{\"@type\":\"SearchAction\",\"target\":{\"@type\":\"EntryPoint\",\"urlTemplate\":\"https:\/\/justera.nl\/tr\/?s={search_term_string}\"},\"query-input\":{\"@type\":\"PropertyValueSpecification\",\"valueRequired\":true,\"valueName\":\"search_term_string\"}}],\"inLanguage\":\"tr\"},{\"@type\":\"Organization\",\"@id\":\"https:\/\/justera.nl\/tr\/#organization\",\"name\":\"Justera\",\"url\":\"https:\/\/justera.nl\/tr\/\",\"logo\":{\"@type\":\"ImageObject\",\"inLanguage\":\"tr\",\"@id\":\"https:\/\/justera.nl\/tr\/#\/schema\/logo\/image\/\",\"url\":\"https:\/\/justera.nl\/wp-content\/uploads\/2025\/05\/Justera-scaled.png\",\"contentUrl\":\"https:\/\/justera.nl\/wp-content\/uploads\/2025\/05\/Justera-scaled.png\",\"width\":2560,\"height\":966,\"caption\":\"Justera\"},\"image\":{\"@id\":\"https:\/\/justera.nl\/tr\/#\/schema\/logo\/image\/\"}}]}<\/script>\n<!-- \/ Yoast SEO plugin. -->","yoast_head_json":{"title":"Tazminat - Justera","robots":{"index":"index","follow":"follow","max-snippet":"max-snippet:-1","max-image-preview":"max-image-preview:large","max-video-preview":"max-video-preview:-1"},"canonical":"https:\/\/justera.nl\/tr\/tazminat\/","og_locale":"tr_TR","og_type":"article","og_title":"Tazminat - Justera","og_description":"Tazminat Hangi tazminatlar var? Tazminat, birinin ba\u015fkas\u0131na verdi\u011fi zarar i\u00e7in \u00f6demesi gereken tazminatt\u0131r. \u00c7o\u011fu durumda bu tazminat bir para miktar\u0131ndan olu\u015fur. Birinin yaraland\u0131\u011f\u0131 bir kazadan sonra genellikle tazminat \u00f6denir. Bu yaralanma tazminat\u0131, ma\u011fduru hem maddi zarar (t\u0131bbi masraflar ve gelir kayb\u0131 gibi) hem de manevi zarar (ac\u0131 ve \u00fcz\u00fcnt\u00fc gibi) i\u00e7in tazmin etmeyi ama\u00e7lar. \u00d6rne\u011fin [&hellip;]","og_url":"https:\/\/justera.nl\/tr\/tazminat\/","og_site_name":"Justera","article_modified_time":"2025-07-23T19:48:25+00:00","og_image":[{"url":"https:\/\/justera.nl\/wp-content\/uploads\/2025\/05\/Letsel-Justise.svg","type":"","width":"","height":""}],"twitter_card":"summary_large_image","twitter_misc":{"Tahmini okuma s\u00fcresi":"1 dakika"},"schema":{"@context":"https:\/\/schema.org","@graph":[{"@type":"WebPage","@id":"https:\/\/justera.nl\/tr\/tazminat\/","url":"https:\/\/justera.nl\/tr\/tazminat\/","name":"Tazminat - Justera","isPartOf":{"@id":"https:\/\/justera.nl\/tr\/#website"},"primaryImageOfPage":{"@id":"https:\/\/justera.nl\/tr\/tazminat\/#primaryimage"},"image":{"@id":"https:\/\/justera.nl\/tr\/tazminat\/#primaryimage"},"thumbnailUrl":"https:\/\/justera.nl\/wp-content\/uploads\/2025\/05\/Letsel-Justise.svg","datePublished":"2025-05-28T08:00:15+00:00","dateModified":"2025-07-23T19:48:25+00:00","breadcrumb":{"@id":"https:\/\/justera.nl\/tr\/tazminat\/#breadcrumb"},"inLanguage":"tr","potentialAction":[{"@type":"ReadAction","target":["https:\/\/justera.nl\/tr\/tazminat\/"]}]},{"@type":"ImageObject","inLanguage":"tr","@id":"https:\/\/justera.nl\/tr\/tazminat\/#primaryimage","url":"https:\/\/justera.nl\/wp-content\/uploads\/2025\/05\/Letsel-Justise.svg","contentUrl":"https:\/\/justera.nl\/wp-content\/uploads\/2025\/05\/Letsel-Justise.svg"},{"@type":"BreadcrumbList","@id":"https:\/\/justera.nl\/tr\/tazminat\/#breadcrumb","itemListElement":[{"@type":"ListItem","position":1,"name":"Home","item":"https:\/\/justera.nl\/tr\/"},{"@type":"ListItem","position":2,"name":"Tazminat"}]},{"@type":"WebSite","@id":"https:\/\/justera.nl\/tr\/#website","url":"https:\/\/justera.nl\/tr\/","name":"Justera","description":"Juridische ondersteuning bij Letselschade","publisher":{"@id":"https:\/\/justera.nl\/tr\/#organization"},"potentialAction":[{"@type":"SearchAction","target":{"@type":"EntryPoint","urlTemplate":"https:\/\/justera.nl\/tr\/?s={search_term_string}"},"query-input":{"@type":"PropertyValueSpecification","valueRequired":true,"valueName":"search_term_string"}}],"inLanguage":"tr"},{"@type":"Organization","@id":"https:\/\/justera.nl\/tr\/#organization","name":"Justera","url":"https:\/\/justera.nl\/tr\/","logo":{"@type":"ImageObject","inLanguage":"tr","@id":"https:\/\/justera.nl\/tr\/#\/schema\/logo\/image\/","url":"https:\/\/justera.nl\/wp-content\/uploads\/2025\/05\/Justera-scaled.png","contentUrl":"https:\/\/justera.nl\/wp-content\/uploads\/2025\/05\/Justera-scaled.png","width":2560,"height":966,"caption":"Justera"},"image":{"@id":"https:\/\/justera.nl\/tr\/#\/schema\/logo\/image\/"}}]}},"_links":{"self":[{"href":"https:\/\/justera.nl\/tr\/wp-json\/wp\/v2\/pages\/1985","targetHints":{"allow":["GET"]}}],"collection":[{"href":"https:\/\/justera.nl\/tr\/wp-json\/wp\/v2\/pages"}],"about":[{"href":"https:\/\/justera.nl\/tr\/wp-json\/wp\/v2\/types\/page"}],"author":[{"embeddable":true,"href":"https:\/\/justera.nl\/tr\/wp-json\/wp\/v2\/users\/1"}],"replies":[{"embeddable":true,"href":"https:\/\/justera.nl\/tr\/wp-json\/wp\/v2\/comments?post=1985"}],"version-history":[{"count":1,"href":"https:\/\/justera.nl\/tr\/wp-json\/wp\/v2\/pages\/1985\/revisions"}],"predecessor-version":[{"id":1988,"href":"https:\/\/justera.nl\/tr\/wp-json\/wp\/v2\/pages\/1985\/revisions\/1988"}],"wp:attachment":[{"href":"https:\/\/justera.nl\/tr\/wp-json\/wp\/v2\/media?parent=1985"}],"curies":[{"name":"wp","href":"https:\/\/api.w.org\/{rel}","templated":true}]}}